{"id":837,"date":"2024-07-25T11:27:04","date_gmt":"2024-07-25T11:27:04","guid":{"rendered":"https:\/\/7spices.se\/?page_id=837"},"modified":"2025-08-26T09:09:53","modified_gmt":"2025-08-26T07:09:53","slug":"catering","status":"publish","type":"page","link":"https:\/\/7spices.se\/en_gb\/catering\/","title":{"rendered":"catering"},"content":{"rendered":"\t\t<div data-elementor-type=\"wp-page\" data-elementor-id=\"837\" class=\"elementor elementor-837\">\n\t\t\t\t<div class=\"elementor-element elementor-element-32665f4 e-con-full animated-slow e-flex elementor-invisible e-con e-parent\" data-id=\"32665f4\" data-element_type=\"container\" data-e-type=\"container\" data-settings=\"{&quot;animation&quot;:&quot;fadeIn&quot;}\">\n\t\t\t\t<div class=\"elementor-element elementor-element-5e63691 pa-carousel-template pa-carousel-horizontal pa-arrows-default elementor-widget elementor-widget-premium-carousel-widget\" data-id=\"5e63691\" data-element_type=\"widget\" data-e-type=\"widget\" data-widget_type=\"premium-carousel-widget.default\">\n\t\t\t\t<div class=\"elementor-widget-container\">\n\t\t\t\t\t\t\t<div id=\"premium-carousel-wrapper-5e63691\" class=\"premium-carousel-wrapper premium-carousel-hidden carousel-wrapper-5e63691 \" data-settings=\"{&quot;vertical&quot;:false,&quot;appearance&quot;:&quot;all&quot;,&quot;slidesToShow&quot;:1,&quot;infinite&quot;:true,&quot;speed&quot;:400,&quot;fade&quot;:false,&quot;autoplay&quot;:true,&quot;autoplaySpeed&quot;:3500,&quot;draggable&quot;:true,&quot;touchMove&quot;:true,&quot;adaptiveHeight&quot;:false,&quot;variableWidth&quot;:false,&quot;cssEase&quot;:&quot;ease&quot;,&quot;pauseOnHover&quot;:false,&quot;centerMode&quot;:false,&quot;arrows&quot;:true,&quot;dots&quot;:false,&quot;slidesDesk&quot;:1,&quot;slidesTab&quot;:1,&quot;slidesMob&quot;:1,&quot;animation&quot;:&quot;null&quot;,&quot;tabletBreak&quot;:1025,&quot;mobileBreak&quot;:768,&quot;navigation&quot;:[&quot;&quot;,&quot;&quot;],&quot;carouselNavigation&quot;:true,&quot;templatesNumber&quot;:2,&quot;hasNavSlider&quot;:false,&quot;mouseTilt&quot;:false,&quot;mouseTiltRev&quot;:false}\">\n\t\t\t<!-- Dots -->\n\t\t\t\n\t\t\t\t\t\t\t<div class=\"premium-carousel-nav-arrow-prev\">\n\t\t\t\t\t<a type=\"button\" data-role=\"none\" class=\"carousel-arrow carousel-prev\" aria-label=\"Previous\" role=\"button\">\n\t\t\t\t\t\t\t\t\t\t\t\t\t<i class=\"fas fa-chevron-left\" aria-hidden=\"true\"><\/i>\n\t\t\t\t\t\t\t\t\t\t\t\t<\/a>\n\t\t\t\t\t<\/div>\n\t\t\t\t\t<div class=\"premium-carousel-nav-arrow-next\">\n\t\t\t\t\t\t<a type=\"button\" data-role=\"none\" class=\"carousel-arrow carousel-next\" aria-label=\"Next\" role=\"button\">\n\t\t\t\t\t\t\t\t\t\t\t\t\t\t\t<i class=\"fas fa-chevron-right\" aria-hidden=\"true\"><\/i>\n\t\t\t\t\t\t\t\t\t\t\t\t\t\t<\/a>\n\t\t\t\t\t<\/div>\n\t\t\t\n\t\t\t<!-- Main Slides -->\n\t\t\t<div id=\"premium-carousel-5e63691\" class=\"premium-carousel-inner\">\n\t\t\t\t\t\t\t\t\t\t<div class=\"premium-carousel-template item-wrapper\" >\n\t\t\t\t\t\t\t<style>.elementor-842 .elementor-element.elementor-element-b4df5a5{--display:flex;--min-height:100vh;--flex-direction:column;--container-widget-width:calc( ( 1 - var( --container-widget-flex-grow ) ) * 100% );--container-widget-height:initial;--container-widget-flex-grow:0;--container-widget-align-self:initial;--flex-wrap-mobile:wrap;--justify-content:center;--align-items:center;--gap:10px 10px;--row-gap:10px;--column-gap:10px;--overlay-opacity:0.31;}.elementor-842 .elementor-element.elementor-element-b4df5a5:not(.elementor-motion-effects-element-type-background), .elementor-842 .elementor-element.elementor-element-b4df5a5 > .elementor-motion-effects-container > .elementor-motion-effects-layer{background-image:url(\"https:\/\/7spices.se\/wp-content\/uploads\/2024\/07\/Chicken-Roll-Ups.jpg\");background-position:top right;background-repeat:no-repeat;background-size:cover;}.elementor-842 .elementor-element.elementor-element-b4df5a5::before, .elementor-842 .elementor-element.elementor-element-b4df5a5 > .elementor-background-video-container::before, .elementor-842 .elementor-element.elementor-element-b4df5a5 > .e-con-inner > .elementor-background-video-container::before, .elementor-842 .elementor-element.elementor-element-b4df5a5 > .elementor-background-slideshow::before, .elementor-842 .elementor-element.elementor-element-b4df5a5 > .e-con-inner > .elementor-background-slideshow::before, .elementor-842 .elementor-element.elementor-element-b4df5a5 > .elementor-motion-effects-container > .elementor-motion-effects-layer::before{--background-overlay:'';background-color:#362300;}.elementor-842 .elementor-element.elementor-element-0abaf9d img{width:424px;}.elementor-842 .elementor-element.elementor-element-a05f877 img{width:212px;}@media(max-width:767px){.elementor-842 .elementor-element.elementor-element-b4df5a5{--min-height:90vh;--margin-top:0px;--margin-bottom:0px;--margin-left:0px;--margin-right:0px;--padding-top:0px;--padding-bottom:0px;--padding-left:0px;--padding-right:0px;}.elementor-842 .elementor-element.elementor-element-b4df5a5:not(.elementor-motion-effects-element-type-background), .elementor-842 .elementor-element.elementor-element-b4df5a5 > .elementor-motion-effects-container > .elementor-motion-effects-layer{background-position:top left;}.elementor-842 .elementor-element.elementor-element-0abaf9d img{width:276px;}.elementor-842 .elementor-element.elementor-element-a05f877 img{width:167px;}}<\/style>\t\t<div data-elementor-type=\"page\" data-elementor-id=\"842\" class=\"elementor elementor-842\">\n\t\t\t\t<div class=\"elementor-element elementor-element-b4df5a5 animated-slow e-con-full e-flex e-con e-parent\" data-id=\"b4df5a5\" data-element_type=\"container\" data-e-type=\"container\" data-settings=\"{&quot;background_background&quot;:&quot;classic&quot;,&quot;animation&quot;:&quot;none&quot;,&quot;animation_delay&quot;:100}\">\n\t\t\t\t<div class=\"elementor-element elementor-element-0abaf9d animated-slow elementor-widget elementor-widget-image\" data-id=\"0abaf9d\" data-element_type=\"widget\" data-e-type=\"widget\" data-settings=\"{&quot;_animation&quot;:&quot;none&quot;,&quot;_animation_delay&quot;:1000}\" data-widget_type=\"image.default\">\n\t\t\t\t<div class=\"elementor-widget-container\">\n\t\t\t\t\t\t\t\t\t\t\t\t\t\t\t<img loading=\"lazy\" decoding=\"async\" width=\"545\" height=\"102\" src=\"https:\/\/7spices.se\/wp-content\/uploads\/2024\/07\/seven-spices-logo-2.svg\" class=\"attachment-large size-large wp-image-714\" alt=\"\" \/>\t\t\t\t\t\t\t\t\t\t\t\t\t\t\t<\/div>\n\t\t\t\t<\/div>\n\t\t\t\t<div class=\"elementor-element elementor-element-a05f877 animated-slow elementor-widget elementor-widget-image\" data-id=\"a05f877\" data-element_type=\"widget\" data-e-type=\"widget\" data-settings=\"{&quot;_animation&quot;:&quot;none&quot;,&quot;_animation_delay&quot;:1000}\" data-widget_type=\"image.default\">\n\t\t\t\t<div class=\"elementor-widget-container\">\n\t\t\t\t\t\t\t\t\t\t\t\t\t\t\t<img loading=\"lazy\" decoding=\"async\" width=\"612\" height=\"173\" src=\"https:\/\/7spices.se\/wp-content\/uploads\/2024\/07\/catering.svg\" class=\"attachment-large size-large wp-image-844\" alt=\"\" \/>\t\t\t\t\t\t\t\t\t\t\t\t\t\t\t<\/div>\n\t\t\t\t<\/div>\n\t\t\t\t<\/div>\n\t\t\t\t<\/div>\n\t\t\n\t\t\t\t\t\t\t\t\t\t\t\t\t<\/div>\n\t\t\t\t\t\t\t\t\t\t\t\t<div class=\"premium-carousel-template item-wrapper\" >\n\t\t\t\t\t\t\t<style>.elementor-712 .elementor-element.elementor-element-b4df5a5{--display:flex;--min-height:100vh;--flex-direction:column;--container-widget-width:calc( ( 1 - var( --container-widget-flex-grow ) ) * 100% );--container-widget-height:initial;--container-widget-flex-grow:0;--container-widget-align-self:initial;--flex-wrap-mobile:wrap;--justify-content:center;--align-items:center;--gap:0px 0px;--row-gap:0px;--column-gap:0px;--overlay-opacity:0.91;}.elementor-712 .elementor-element.elementor-element-b4df5a5:not(.elementor-motion-effects-element-type-background), .elementor-712 .elementor-element.elementor-element-b4df5a5 > .elementor-motion-effects-container > .elementor-motion-effects-layer{background-image:url(\"https:\/\/7spices.se\/wp-content\/uploads\/2024\/07\/7spices2024-5-scaled.webp\");background-position:center center;background-repeat:no-repeat;background-size:cover;}.elementor-712 .elementor-element.elementor-element-b4df5a5::before, .elementor-712 .elementor-element.elementor-element-b4df5a5 > .elementor-background-video-container::before, .elementor-712 .elementor-element.elementor-element-b4df5a5 > .e-con-inner > .elementor-background-video-container::before, .elementor-712 .elementor-element.elementor-element-b4df5a5 > .elementor-background-slideshow::before, .elementor-712 .elementor-element.elementor-element-b4df5a5 > .e-con-inner > .elementor-background-slideshow::before, .elementor-712 .elementor-element.elementor-element-b4df5a5 > .elementor-motion-effects-container > .elementor-motion-effects-layer::before{--background-overlay:'';background-color:transparent;background-image:radial-gradient(at center center, #0E1E304F 38%, #2A1515 91%);}.elementor-712 .elementor-element.elementor-element-8e3107f .elementor-heading-title{font-family:\"Barlow Condensed\", Sans-serif;font-size:30px;font-weight:700;text-transform:uppercase;letter-spacing:1px;color:var( --e-global-color-02b1329 );}.elementor-712 .elementor-element.elementor-element-8e3107f > .elementor-widget-container{margin:0px 0px 13px 0px;}.elementor-712 .elementor-element.elementor-element-a05f877 img{width:424px;}.elementor-712 .elementor-element.elementor-element-9237bc1 .elementor-heading-title{font-family:\"Barlow Condensed\", Sans-serif;font-size:51px;font-weight:700;text-transform:uppercase;letter-spacing:1.9px;color:var( --e-global-color-02b1329 );}.elementor-712 .elementor-element.elementor-element-772dd29{text-align:center;font-family:var( --e-global-typography-864bf14-font-family ), Sans-serif;font-size:var( --e-global-typography-864bf14-font-size );font-weight:var( --e-global-typography-864bf14-font-weight );line-height:var( --e-global-typography-864bf14-line-height );letter-spacing:var( --e-global-typography-864bf14-letter-spacing );word-spacing:var( --e-global-typography-864bf14-word-spacing );color:#FFFFFF;width:var( --container-widget-width, 437px );max-width:437px;--container-widget-width:437px;--container-widget-flex-grow:0;}.elementor-712 .elementor-element.elementor-element-772dd29 > .elementor-widget-container{margin:17px 0px 0px 0px;}.elementor-712 .elementor-element.elementor-element-772dd29.elementor-element{--align-self:center;}@media(max-width:1024px){.elementor-712 .elementor-element.elementor-element-772dd29{font-size:var( --e-global-typography-864bf14-font-size );line-height:var( --e-global-typography-864bf14-line-height );letter-spacing:var( --e-global-typography-864bf14-letter-spacing );word-spacing:var( --e-global-typography-864bf14-word-spacing );}}@media(max-width:767px){.elementor-712 .elementor-element.elementor-element-b4df5a5{--min-height:90vh;--margin-top:0px;--margin-bottom:0px;--margin-left:0px;--margin-right:0px;--padding-top:0px;--padding-bottom:0px;--padding-left:0px;--padding-right:0px;}.elementor-712 .elementor-element.elementor-element-8e3107f .elementor-heading-title{font-size:18px;}.elementor-712 .elementor-element.elementor-element-a05f877 img{width:276px;}.elementor-712 .elementor-element.elementor-element-9237bc1 .elementor-heading-title{font-size:30px;}.elementor-712 .elementor-element.elementor-element-772dd29{font-size:var( --e-global-typography-864bf14-font-size );line-height:var( --e-global-typography-864bf14-line-height );letter-spacing:var( --e-global-typography-864bf14-letter-spacing );word-spacing:var( --e-global-typography-864bf14-word-spacing );--container-widget-width:299px;--container-widget-flex-grow:0;width:var( --container-widget-width, 299px );max-width:299px;}.elementor-712 .elementor-element.elementor-element-772dd29 > .elementor-widget-container{margin:30px 0px 0px 0px;}}<\/style>\t\t<div data-elementor-type=\"page\" data-elementor-id=\"712\" class=\"elementor elementor-712\">\n\t\t\t\t<div class=\"elementor-element elementor-element-b4df5a5 animated-slow e-con-full e-flex e-con e-parent\" data-id=\"b4df5a5\" data-element_type=\"container\" data-e-type=\"container\" data-settings=\"{&quot;background_background&quot;:&quot;classic&quot;,&quot;animation&quot;:&quot;none&quot;,&quot;animation_delay&quot;:100}\">\n\t\t\t\t<div class=\"elementor-element elementor-element-8e3107f elementor-widget elementor-widget-heading\" data-id=\"8e3107f\" data-element_type=\"widget\" data-e-type=\"widget\" data-widget_type=\"heading.default\">\n\t\t\t\t<div class=\"elementor-widget-container\">\n\t\t\t\t\t<div class=\"elementor-heading-title elementor-size-default\">V\u00e4lkommen till<\/div>\t\t\t\t<\/div>\n\t\t\t\t<\/div>\n\t\t\t\t<div class=\"elementor-element elementor-element-a05f877 animated-slow elementor-widget elementor-widget-image\" data-id=\"a05f877\" data-element_type=\"widget\" data-e-type=\"widget\" data-settings=\"{&quot;_animation&quot;:&quot;none&quot;,&quot;_animation_delay&quot;:1000}\" data-widget_type=\"image.default\">\n\t\t\t\t<div class=\"elementor-widget-container\">\n\t\t\t\t\t\t\t\t\t\t\t\t\t\t\t<img loading=\"lazy\" decoding=\"async\" width=\"545\" height=\"102\" src=\"https:\/\/7spices.se\/wp-content\/uploads\/2024\/07\/seven-spices-logo-2.svg\" class=\"attachment-large size-large wp-image-714\" alt=\"\" \/>\t\t\t\t\t\t\t\t\t\t\t\t\t\t\t<\/div>\n\t\t\t\t<\/div>\n\t\t\t\t<div class=\"elementor-element elementor-element-9237bc1 elementor-widget elementor-widget-heading\" data-id=\"9237bc1\" data-element_type=\"widget\" data-e-type=\"widget\" data-widget_type=\"heading.default\">\n\t\t\t\t<div class=\"elementor-widget-container\">\n\t\t\t\t\t<h4 class=\"elementor-heading-title elementor-size-default\">Street Deli<\/h4>\t\t\t\t<\/div>\n\t\t\t\t<\/div>\n\t\t\t\t<div class=\"elementor-element elementor-element-772dd29 elementor-widget__width-initial elementor-widget elementor-widget-text-editor\" data-id=\"772dd29\" data-element_type=\"widget\" data-e-type=\"widget\" data-widget_type=\"text-editor.default\">\n\t\t\t\t<div class=\"elementor-widget-container\">\n\t\t\t\t\t\t\t\t\t<p>Inspirerade av libanesisk street food grillar vi wraps, baguetter &amp; buns med smaker fr\u00e5n hela v\u00e4rlden.<\/p>\t\t\t\t\t\t\t\t<\/div>\n\t\t\t\t<\/div>\n\t\t\t\t<\/div>\n\t\t\t\t<\/div>\n\t\t\n\t\t\t\t\t\t\t\t\t\t\t\t\t<\/div>\n\t\t\t\t\t\t\t\t\t<\/div>\n\n\t\t\t\n\t\t\t\n\t\t\t\t\t<\/div>\n\t\t\t\t\t\t<\/div>\n\t\t\t\t<\/div>\n\t\t\t\t<\/div>\n\t\t<div class=\"elementor-element elementor-element-7b65653 e-con-full e-flex e-con e-parent\" data-id=\"7b65653\" data-element_type=\"container\" data-e-type=\"container\" data-settings=\"{&quot;background_background&quot;:&quot;classic&quot;}\">\n\t\t\t\t<div class=\"elementor-element elementor-element-d0c2ea8 elementor-widget elementor-widget-heading\" data-id=\"d0c2ea8\" data-element_type=\"widget\" data-e-type=\"widget\" data-widget_type=\"heading.default\">\n\t\t\t\t<div class=\"elementor-widget-container\">\n\t\t\t\t\t<h2 class=\"elementor-heading-title elementor-size-default\">Catering<\/h2>\t\t\t\t<\/div>\n\t\t\t\t<\/div>\n\t\t\t\t<div class=\"elementor-element elementor-element-b6e8a14 elementor-widget__width-initial elementor-widget elementor-widget-text-editor\" data-id=\"b6e8a14\" data-element_type=\"widget\" data-e-type=\"widget\" data-widget_type=\"text-editor.default\">\n\t\t\t\t<div class=\"elementor-widget-container\">\n\t\t\t\t\t\t\t\t\t<p><strong>Vi erbjuder \u00e4ven catering f\u00f6r att g\u00f6ra ditt evenemang extra minnesv\u00e4rt!\u00a0<\/strong><br \/>L\u00e5t oss f\u00f6rse dig med v\u00e5ra uts\u00f6kta r\u00e4tter och smaker f\u00f6r att skapa en unik matupplevelse f\u00f6r dig och dina g\u00e4ster. Kontakta oss f\u00f6r att skr\u00e4ddarsy ditt cateringpaket och l\u00e5t oss ta hand om maten s\u00e5 att du kan njuta av tillf\u00e4llet.<\/p><p>Seven Spices, f\u00f6r en smakrik och minnesv\u00e4rd upplevelse!<br \/>\u00a0<\/p>\t\t\t\t\t\t\t\t<\/div>\n\t\t\t\t<\/div>\n\t\t\t\t<\/div>\n\t\t\t\t<\/div>\n\t\t","protected":false},"excerpt":{"rendered":"<p>V\u00e4lkommen till Street Deli Inspirerade av libanesisk street food grillar vi wraps, baguetter &amp; buns med smaker fr\u00e5n hela v\u00e4rlden. Catering Vi erbjuder \u00e4ven catering f\u00f6r att g\u00f6ra ditt evenemang extra minnesv\u00e4rt!\u00a0L\u00e5t oss f\u00f6rse dig med v\u00e5ra uts\u00f6kta r\u00e4tter och smaker f\u00f6r att skapa en unik matupplevelse f\u00f6r dig och dina g\u00e4ster. Kontakta oss f\u00f6r [&hellip;]<\/p>\n","protected":false},"author":1,"featured_media":0,"parent":0,"menu_order":0,"comment_status":"closed","ping_status":"closed","template":"elementor_header_footer","meta":{"footnotes":""},"class_list":["post-837","page","type-page","status-publish","hentry"],"_links":{"self":[{"href":"https:\/\/7spices.se\/en_gb\/wp-json\/wp\/v2\/pages\/837","targetHints":{"allow":["GET"]}}],"collection":[{"href":"https:\/\/7spices.se\/en_gb\/wp-json\/wp\/v2\/pages"}],"about":[{"href":"https:\/\/7spices.se\/en_gb\/wp-json\/wp\/v2\/types\/page"}],"author":[{"embeddable":true,"href":"https:\/\/7spices.se\/en_gb\/wp-json\/wp\/v2\/users\/1"}],"replies":[{"embeddable":true,"href":"https:\/\/7spices.se\/en_gb\/wp-json\/wp\/v2\/comments?post=837"}],"version-history":[{"count":19,"href":"https:\/\/7spices.se\/en_gb\/wp-json\/wp\/v2\/pages\/837\/revisions"}],"predecessor-version":[{"id":1995,"href":"https:\/\/7spices.se\/en_gb\/wp-json\/wp\/v2\/pages\/837\/revisions\/1995"}],"wp:attachment":[{"href":"https:\/\/7spices.se\/en_gb\/wp-json\/wp\/v2\/media?parent=837"}],"curies":[{"name":"wp","href":"https:\/\/api.w.org\/{rel}","templated":true}]}}